{"id":16,"date":"2021-08-31T22:04:28","date_gmt":"2021-08-31T22:04:28","guid":{"rendered":"http:\/\/stowarzyszenie.maxliga.pl\/index.php\/strona-glowna\/"},"modified":"2021-08-31T22:04:29","modified_gmt":"2021-08-31T22:04:29","slug":"strona-glowna","status":"publish","type":"page","link":"https:\/\/stowarzyszenie.maxliga.pl\/index.php\/strona-glowna\/","title":{"rendered":"Strona g\u0142\u00f3wna"},"content":{"rendered":"\n\t\t\t<div class=\"wp-block-cover\" style=\"background-image:url(https:\/\/stowarzyszenie.maxliga.pl\/wp-content\/uploads\/2021\/08\/other-small.jpg)\"><div class=\"wp-block-cover__inner-container\">\n\t\t\t<p class=\"has-text-align-center has-large-font-size\">Witamy w sklepie<\/p>\n\t\t\t\n\n\t\t\t\n\t\t\t<p class=\"has-text-color has-text-align-center\">Napisz kr\u00f3tk\u0105 wiadomo\u015b\u0107 powitaln\u0105<\/p>\n\t\t\t\n\n\t\t\t\n\t\t\t<div class=\"wp-block-button aligncenter\"><a href=\"https:\/\/stowarzyszenie.maxliga.pl\/index.php\/sklep\/\" class=\"wp-block-button__link\">Przejd\u017a do zakup\u00f3w<\/a><\/div>\n\t\t\t<\/div><\/div>\n\t\t\t\n\t\t\n\t\t<h2 style=\"text-align:center\">Nowe produkty<\/h2>\n\t\t\n\n\t\t<div class=\"wc-block-grid wp-block-product-new wc-block-product-new has-3-columns has-multiple-rows\"><ul class=\"wc-block-grid__products\"><li class=\"wc-block-grid__product\">\n\t\t\t\t<a href=\"https:\/\/stowarzyszenie.maxliga.pl\/index.php\/produkt\/wpisowe-pakiet-full\/\" class=\"wc-block-grid__product-link\">\n\t\t\t\t\t<div class=\"wc-block-grid__product-image\"><img width=\"300\" height=\"300\" src=\"https:\/\/stowarzyszenie.maxliga.pl\/wp-content\/uploads\/2021\/09\/Runda-3-1-300x300.png\" class=\"attachment-woocommerce_thumbnail size-woocommerce_thumbnail\" alt=\"\" loading=\"lazy\" srcset=\"https:\/\/stowarzyszenie.maxliga.pl\/wp-content\/uploads\/2021\/09\/Runda-3-1-300x300.png 300w, https:\/\/stowarzyszenie.maxliga.pl\/wp-content\/uploads\/2021\/09\/Runda-3-1-1024x1024.png 1024w, https:\/\/stowarzyszenie.maxliga.pl\/wp-content\/uploads\/2021\/09\/Runda-3-1-150x150.png 150w, https:\/\/stowarzyszenie.maxliga.pl\/wp-content\/uploads\/2021\/09\/Runda-3-1-768x768.png 768w, https:\/\/stowarzyszenie.maxliga.pl\/wp-content\/uploads\/2021\/09\/Runda-3-1-600x600.png 600w, https:\/\/stowarzyszenie.maxliga.pl\/wp-content\/uploads\/2021\/09\/Runda-3-1-100x100.png 100w, https:\/\/stowarzyszenie.maxliga.pl\/wp-content\/uploads\/2021\/09\/Runda-3-1.png 1080w\" sizes=\"(max-width: 300px) 100vw, 300px\" \/><\/div>\n\t\t\t\t\t<div class=\"wc-block-grid__product-title\">Wpisowe do MAXLIGI 3<\/div>\n\t\t\t\t<\/a>\n\t\t\t\t\n\t\t\t\t<div class=\"wc-block-grid__product-price price\"><span class=\"woocommerce-Price-amount amount\">300,00&nbsp;<span class=\"woocommerce-Price-currencySymbol\">&#122;&#322;<\/span><\/span><\/div>\n\t\t\t\t\n\t\t\t\t<div class=\"wp-block-button wc-block-grid__product-add-to-cart\"><a href=\"?add-to-cart=31\" aria-label=\"Dodaj &bdquo;Wpisowe do MAXLIGI 3&rdquo; do koszyka\" data-quantity=\"1\" data-product_id=\"31\" data-product_sku=\"\" rel=\"nofollow\" class=\"wp-block-button__link add_to_cart_button ajax_add_to_cart\">Dodaj do koszyka<\/a><\/div>\n\t\t\t<\/li><\/ul><\/div> \n\t\t\t<div class=\"wp-block-media-text alignwide has-media-on-the-right\"\"><figure class=\"wp-block-media-text__media\"><img loading=\"lazy\" width=\"1920\" height=\"1280\" src=\"https:\/\/stowarzyszenie.maxliga.pl\/wp-content\/uploads\/2021\/08\/other-small.jpg\" alt=\"\" class=\"wp-image-17\" srcset=\"https:\/\/stowarzyszenie.maxliga.pl\/wp-content\/uploads\/2021\/08\/other-small.jpg 1920w, https:\/\/stowarzyszenie.maxliga.pl\/wp-content\/uploads\/2021\/08\/other-small-600x400.jpg 600w, https:\/\/stowarzyszenie.maxliga.pl\/wp-content\/uploads\/2021\/08\/other-small-300x200.jpg 300w, https:\/\/stowarzyszenie.maxliga.pl\/wp-content\/uploads\/2021\/08\/other-small-1024x683.jpg 1024w, https:\/\/stowarzyszenie.maxliga.pl\/wp-content\/uploads\/2021\/08\/other-small-768x512.jpg 768w, https:\/\/stowarzyszenie.maxliga.pl\/wp-content\/uploads\/2021\/08\/other-small-1536x1024.jpg 1536w\" sizes=\"(max-width: 1920px) 100vw, 1920px\" \/><\/figure><div class=\"wp-block-media-text__content\">\n\t\t\t<p class=\"has-large-font-size\"><\/p>\n\t\t\t<\/div><\/div>\n\t\t\t\n\t\t\t<div class=\"wp-block-media-text alignwide\"\"><figure class=\"wp-block-media-text__media\"><img loading=\"lazy\" width=\"1920\" height=\"1280\" src=\"https:\/\/stowarzyszenie.maxliga.pl\/wp-content\/uploads\/2021\/08\/other-small.jpg\" alt=\"\" class=\"wp-image-17\" srcset=\"https:\/\/stowarzyszenie.maxliga.pl\/wp-content\/uploads\/2021\/08\/other-small.jpg 1920w, https:\/\/stowarzyszenie.maxliga.pl\/wp-content\/uploads\/2021\/08\/other-small-600x400.jpg 600w, https:\/\/stowarzyszenie.maxliga.pl\/wp-content\/uploads\/2021\/08\/other-small-300x200.jpg 300w, https:\/\/stowarzyszenie.maxliga.pl\/wp-content\/uploads\/2021\/08\/other-small-1024x683.jpg 1024w, https:\/\/stowarzyszenie.maxliga.pl\/wp-content\/uploads\/2021\/08\/other-small-768x512.jpg 768w, https:\/\/stowarzyszenie.maxliga.pl\/wp-content\/uploads\/2021\/08\/other-small-1536x1024.jpg 1536w\" sizes=\"(max-width: 1920px) 100vw, 1920px\" \/><\/figure><div class=\"wp-block-media-text__content\">\n\t\t\t<p class=\"has-large-font-size\"><\/p>\n\t\t\t<\/div><\/div>\n\t\t\t\n\t\t\t<div class=\"wp-block-media-text alignwide has-media-on-the-right\"\"><figure class=\"wp-block-media-text__media\"><img loading=\"lazy\" width=\"1920\" height=\"1280\" src=\"https:\/\/stowarzyszenie.maxliga.pl\/wp-content\/uploads\/2021\/08\/other-small.jpg\" alt=\"\" class=\"wp-image-17\" srcset=\"https:\/\/stowarzyszenie.maxliga.pl\/wp-content\/uploads\/2021\/08\/other-small.jpg 1920w, https:\/\/stowarzyszenie.maxliga.pl\/wp-content\/uploads\/2021\/08\/other-small-600x400.jpg 600w, https:\/\/stowarzyszenie.maxliga.pl\/wp-content\/uploads\/2021\/08\/other-small-300x200.jpg 300w, https:\/\/stowarzyszenie.maxliga.pl\/wp-content\/uploads\/2021\/08\/other-small-1024x683.jpg 1024w, https:\/\/stowarzyszenie.maxliga.pl\/wp-content\/uploads\/2021\/08\/other-small-768x512.jpg 768w, https:\/\/stowarzyszenie.maxliga.pl\/wp-content\/uploads\/2021\/08\/other-small-1536x1024.jpg 1536w\" sizes=\"(max-width: 1920px) 100vw, 1920px\" \/><\/figure><div class=\"wp-block-media-text__content\">\n\t\t\t<p class=\"has-large-font-size\"><\/p>\n\t\t\t<\/div><\/div>\n\t\t\t\n\n\t\t","protected":false},"excerpt":{"rendered":"<p>Nowe produkty<\/p>\n","protected":false},"author":2,"featured_media":0,"parent":0,"menu_order":0,"comment_status":"closed","ping_status":"closed","template":"","meta":{"spay_email":""},"_links":{"self":[{"href":"https:\/\/stowarzyszenie.maxliga.pl\/index.php\/wp-json\/wp\/v2\/pages\/16"}],"collection":[{"href":"https:\/\/stowarzyszenie.maxliga.pl\/index.php\/wp-json\/wp\/v2\/pages"}],"about":[{"href":"https:\/\/stowarzyszenie.maxliga.pl\/index.php\/wp-json\/wp\/v2\/types\/page"}],"author":[{"embeddable":true,"href":"https:\/\/stowarzyszenie.maxliga.pl\/index.php\/wp-json\/wp\/v2\/users\/2"}],"replies":[{"embeddable":true,"href":"https:\/\/stowarzyszenie.maxliga.pl\/index.php\/wp-json\/wp\/v2\/comments?post=16"}],"version-history":[{"count":1,"href":"https:\/\/stowarzyszenie.maxliga.pl\/index.php\/wp-json\/wp\/v2\/pages\/16\/revisions"}],"predecessor-version":[{"id":18,"href":"https:\/\/stowarzyszenie.maxliga.pl\/index.php\/wp-json\/wp\/v2\/pages\/16\/revisions\/18"}],"wp:attachment":[{"href":"https:\/\/stowarzyszenie.maxliga.pl\/index.php\/wp-json\/wp\/v2\/media?parent=16"}],"curies":[{"name":"wp","href":"https:\/\/api.w.org\/{rel}","templated":true}]}}